{"id":203,"date":"2011-09-14T09:45:02","date_gmt":"2011-09-14T09:45:02","guid":{"rendered":"https:\/\/mobilerialiko.com\/"},"modified":"2020-05-25T14:34:23","modified_gmt":"2020-05-25T12:34:23","slug":"home","status":"publish","type":"page","link":"https:\/\/mobilerialiko.com\/sq\/","title":{"rendered":"Kreu"},"content":{"rendered":"<div class=\"row\"><\/div><!-- .row (end) -->\n<div class=\"span12\"><\/div>\n<section class=\"lazy-load-box  trigger effect-slidefromright\" data-delay=\"200\" data-speed=\"800\" style=\"-webkit-transition: all 800ms ease; -moz-transition: all 800ms ease; -ms-transition: all 800ms ease; -o-transition: all 800ms ease; transition: all 800ms ease;\">\n<div class=\"hero-unit style_1\"><h1>B\u00ebjeni sht\u00ebpin\u00eb tuaj nj\u00eb vend ku t\u00eb ndiheni vetvetja!<\/h1><\/div><!-- .hero-unit (end) -->\n<\/section>","protected":false},"excerpt":{"rendered":"","protected":false},"author":1,"featured_media":0,"parent":0,"menu_order":0,"comment_status":"closed","ping_status":"closed","template":"page-home.php","meta":{"footnotes":""},"class_list":["post-203","page","type-page","status-publish","hentry"],"aioseo_notices":[],"jetpack_sharing_enabled":true,"_links":{"self":[{"href":"https:\/\/mobilerialiko.com\/sq\/wp-json\/wp\/v2\/pages\/203","targetHints":{"allow":["GET"]}}],"collection":[{"href":"https:\/\/mobilerialiko.com\/sq\/wp-json\/wp\/v2\/pages"}],"about":[{"href":"https:\/\/mobilerialiko.com\/sq\/wp-json\/wp\/v2\/types\/page"}],"author":[{"embeddable":true,"href":"https:\/\/mobilerialiko.com\/sq\/wp-json\/wp\/v2\/users\/1"}],"replies":[{"embeddable":true,"href":"https:\/\/mobilerialiko.com\/sq\/wp-json\/wp\/v2\/comments?post=203"}],"version-history":[{"count":5,"href":"https:\/\/mobilerialiko.com\/sq\/wp-json\/wp\/v2\/pages\/203\/revisions"}],"predecessor-version":[{"id":2767,"href":"https:\/\/mobilerialiko.com\/sq\/wp-json\/wp\/v2\/pages\/203\/revisions\/2767"}],"wp:attachment":[{"href":"https:\/\/mobilerialiko.com\/sq\/wp-json\/wp\/v2\/media?parent=203"}],"curies":[{"name":"wp","href":"https:\/\/api.w.org\/{rel}","templated":true}]}}