{"id":1797,"date":"2011-07-14T19:45:29","date_gmt":"2011-07-14T19:45:29","guid":{"rendered":"https:\/\/mobilerialiko.com\/about\/"},"modified":"2020-05-20T20:36:54","modified_gmt":"2020-05-20T18:36:54","slug":"about","status":"publish","type":"page","link":"https:\/\/mobilerialiko.com\/sq\/about\/","title":{"rendered":"Rreth nesh"},"content":{"rendered":"<div class=\"row\">\n<div class=\"span12\"><div class=\"hero-unit style_2\"><h1>Kush jemi ne<\/h1><p>Ne jemi nj\u00eb kompani e prodhimit dhe tregtimit t\u00eb mobilieve n\u00eb qytetin e Vlor\u00ebs. Historia jon\u00eb filloi n\u00eb 1991 si shit\u00ebs me pakic\u00eb i produkteve ushqimore. Ne filluam t\u00eb shesim mobilie n\u00eb vitin 2000. Aktiviteti yn\u00eb p\u00ebrfshin tregtimin e divan\u00ebve, k\u00ebndeve, kolltuk\u00ebve, karrigeve, tavolinave, karrigeve dhe mobilieve me porosi si dhoma gjumi, kuzhina, rafte, stenda TV, dyshek\u00eb, minibare, etj. Kompania jon\u00eb ka nj\u00eb partneritet ekskluziv me Cavallo Sofa, nj\u00eb mark\u00eb e regjistruar q\u00eb eksportohet n\u00eb tregun evropian.<\/p><\/div><!-- .hero-unit (end) --><\/div>\n<\/div><!-- .row (end) -->\n<div class=\"row\">\n<div class=\"span6\"><p><img data-recalc-dims=\"1\" loading=\"lazy\" decoding=\"async\" class=\"alignnone wp-image-2703 size-full\" src=\"https:\/\/i0.wp.com\/mobilerialiko.com\/wp-content\/uploads\/2020\/04\/image_1.jpg?resize=570%2C380&#038;ssl=1\" alt=\"\" width=\"570\" height=\"380\" \/><\/p><\/div>\n<div class=\"span6\"><p><img data-recalc-dims=\"1\" loading=\"lazy\" decoding=\"async\" class=\"alignnone wp-image-2706 size-full\" src=\"https:\/\/i0.wp.com\/mobilerialiko.com\/wp-content\/uploads\/2020\/04\/image_2.jpg?resize=570%2C380&#038;ssl=1\" alt=\"\" width=\"570\" height=\"380\" \/><\/p><\/div>\n<\/div><!-- .row (end) -->\n<div class=\"content_box box_2\">\n<h2>P\u00ebrse ne?<\/h2>\n<div class=\"row\">\n<div class=\"span4\"><div class=\"service-box style_2\"><figure class=\"icon\"><img data-recalc-dims=\"1\" decoding=\"async\" src=\"https:\/\/i0.wp.com\/mobilerialiko.com\/wp-content\/themes\/theme54038\/images\/icon1.png?w=604&#038;ssl=1\" alt=\"\" \/><\/figure><div class=\"service-box_body\"><h2 class=\"title\">Cil\u00ebsia<\/h2><div class=\"service-box_txt\">Ne mendojm\u00eb se cil\u00ebsia duhet t\u00eb jet\u00eb e drejtuar kryesisht nga klient\u00ebt, k\u00ebshtu q\u00eb sigurohemi q\u00eb klient\u00ebt tan\u00eb t\u00eb blejn\u00eb at\u00eb q\u00eb u nevojitet.<\/div><\/div><\/div><!-- \/Service Box --><\/div>\n<div class=\"span4\"><div class=\"service-box style_2\"><figure class=\"icon\"><img data-recalc-dims=\"1\" decoding=\"async\" src=\"https:\/\/i0.wp.com\/mobilerialiko.com\/wp-content\/themes\/theme54038\/images\/icon2.png?w=604&#038;ssl=1\" alt=\"\" \/><\/figure><div class=\"service-box_body\"><h2 class=\"title\">Funksionaliteti<\/h2><div class=\"service-box_txt\">Materialet, ngjyrat dhe p\u00eblhurat mund t\u00eb kombinohen n\u00eb shum\u00eb m\u00ebnyra p\u00ebr realizimin e opsioneve t\u00eb ndryshme t\u00eb projektimit, por n\u00eb fund dizajni pa funksionalitet nuk ka asnj\u00eb vler\u00eb.<\/div><\/div><\/div><!-- \/Service Box --><\/div>\n<div class=\"span4\"><div class=\"service-box style_2\"><figure class=\"icon\"><img data-recalc-dims=\"1\" decoding=\"async\" src=\"https:\/\/i0.wp.com\/mobilerialiko.com\/wp-content\/themes\/theme54038\/images\/icon3.png?w=604&#038;ssl=1\" alt=\"\" \/><\/figure><div class=\"service-box_body\"><h2 class=\"title\">\u00c7mimet e arsyeshme<\/h2><div class=\"service-box_txt\">Ne synojm\u00eb q\u00eb gjithmon\u00eb t\u00eb p\u00ebrqafojm\u00eb ndryshimet dhe t\u00eb inkurajojm\u00eb inovacionin, duke siguruar n\u00eb k\u00ebt\u00eb m\u00ebnyr\u00eb \u00e7mime t\u00eb p\u00ebrballueshme p\u00ebr klient\u00ebt tan\u00eb pa sakrifikuar cil\u00ebsin\u00eb.<\/div><\/div><\/div><!-- \/Service Box --><\/div>\n<div class=\"span4\"><div class=\"service-box style_2\"><figure class=\"icon\"><img data-recalc-dims=\"1\" decoding=\"async\" src=\"https:\/\/i0.wp.com\/mobilerialiko.com\/wp-content\/themes\/theme54038\/images\/icon4.png?w=604&#038;ssl=1\" alt=\"\" \/><\/figure><div class=\"service-box_body\"><h2 class=\"title\">Zgjidhje t\u00eb personalizuara<\/h2><div class=\"service-box_txt\">Ne ofrojm\u00eb dizenjo, modele e mobilie t\u00eb personalizuara t\u00eb krijuara p\u00ebr t\u00eb p\u00ebrmbushur nevojat e sht\u00ebpis\u00eb tuaj p\u00ebr sa i p\u00ebrket stilit dhe hap\u00ebsir\u00ebs.<\/div><\/div><\/div><!-- \/Service Box --><\/div>\n<div class=\"span4\"><div class=\"service-box style_2\"><figure class=\"icon\"><img data-recalc-dims=\"1\" decoding=\"async\" src=\"https:\/\/i0.wp.com\/mobilerialiko.com\/wp-content\/themes\/theme54038\/images\/icon5.png?w=604&#038;ssl=1\" alt=\"\" \/><\/figure><div class=\"service-box_body\"><h2 class=\"title\">Transporti falas<\/h2><div class=\"service-box_txt\">Mobiliet d\u00ebrgohen n\u00eb sht\u00ebpin\u00eb tuaj me transport falas vet\u00ebm kur ju i porosisni ato nga Mobileri Aliko.<\/div><\/div><\/div><!-- \/Service Box --><\/div>\n<div class=\"span4\"><div class=\"service-box style_2\"><figure class=\"icon\"><img data-recalc-dims=\"1\" decoding=\"async\" src=\"https:\/\/i0.wp.com\/mobilerialiko.com\/wp-content\/themes\/theme54038\/images\/icon6.png?w=604&#038;ssl=1\" alt=\"\" \/><\/figure><div class=\"service-box_body\"><h2 class=\"title\">Montimi falas <\/h2><div class=\"service-box_txt\">Ekipet tona t\u00eb transportit jan\u00eb t\u00eb trajnuar t\u00eb ofrojn\u00eb montim t\u00eb sigurt p\u00ebr mobiliet q\u00eb ju porosisni.<\/div><\/div><\/div><!-- \/Service Box --><\/div>\n<\/div><!-- .row (end) -->\n<div class=\"clear\"><\/div><\/div><!-- .content_box (end) -->","protected":false},"excerpt":{"rendered":"","protected":false},"author":1,"featured_media":0,"parent":0,"menu_order":1,"comment_status":"closed","ping_status":"open","template":"page-fullwidth.php","meta":{"footnotes":""},"class_list":["post-1797","page","type-page","status-publish","hentry"],"aioseo_notices":[],"jetpack_sharing_enabled":true,"_links":{"self":[{"href":"https:\/\/mobilerialiko.com\/sq\/wp-json\/wp\/v2\/pages\/1797","targetHints":{"allow":["GET"]}}],"collection":[{"href":"https:\/\/mobilerialiko.com\/sq\/wp-json\/wp\/v2\/pages"}],"about":[{"href":"https:\/\/mobilerialiko.com\/sq\/wp-json\/wp\/v2\/types\/page"}],"author":[{"embeddable":true,"href":"https:\/\/mobilerialiko.com\/sq\/wp-json\/wp\/v2\/users\/1"}],"replies":[{"embeddable":true,"href":"https:\/\/mobilerialiko.com\/sq\/wp-json\/wp\/v2\/comments?post=1797"}],"version-history":[{"count":6,"href":"https:\/\/mobilerialiko.com\/sq\/wp-json\/wp\/v2\/pages\/1797\/revisions"}],"predecessor-version":[{"id":2802,"href":"https:\/\/mobilerialiko.com\/sq\/wp-json\/wp\/v2\/pages\/1797\/revisions\/2802"}],"wp:attachment":[{"href":"https:\/\/mobilerialiko.com\/sq\/wp-json\/wp\/v2\/media?parent=1797"}],"curies":[{"name":"wp","href":"https:\/\/api.w.org\/{rel}","templated":true}]}}